{"id":564,"date":"2016-03-13T20:40:27","date_gmt":"2016-03-13T20:40:27","guid":{"rendered":"https:\/\/martinafrey.ch\/?page_id=564"},"modified":"2018-10-22T22:18:33","modified_gmt":"2018-10-22T22:18:33","slug":"ueber-mich","status":"publish","type":"page","link":"https:\/\/martinafrey.ch\/?page_id=564","title":{"rendered":"\u00dcBER MICH"},"content":{"rendered":"<p><em>Beim Gestalten das Gef\u00fchl haben, ganz zu sein<\/em><\/p>\n<p><em>im Moment zu leben<\/em><\/p>\n<p><em>Zufriedenheit und Ruhe<\/em><\/p>\n<p><em>\u00a0<\/em><\/p>\n<p><em>Beim Unterrichten die Momente geniessen,<\/em><\/p>\n<p><em>wenn andere eintauchen<\/em><\/p>\n<p><em>\u00a0<\/em><\/p>\n<p><em>Aushalten, wenn nichts kommt, nichts entsteht<\/em><\/p>\n<p><em>Wissen, dass die fruchtbaren Momente wiederkehren<\/em><\/p>\n<p><em>aber nicht Alltag sind, sondern Arbeit dahinter steckt<\/em><\/p>\n<p><em>Erfahrungen liegen zugrunde und entwickeln sich weiter<\/em><\/p>\n<p><em>\u00a0<\/em><\/p>\n<p><em>Freude teilen \u00fcber gelungene Werke<\/em><\/p>\n<p><em>Vertrauen vermitteln, wenn Leere auftaucht<\/em><\/p>\n<p><em>Kritische Fragen wagen<\/em><\/p>\n<p><em>Best\u00e4rken, wenn es gilt, Mauern zu \u00fcberwinden<\/em><\/p>\n<p>&nbsp;<\/p>\n<p><em>Leichtigkeit entwickeln<\/em><\/p>\n<p><em>Bedeutsames schaffen<\/em><\/p>\n<p>&nbsp;<\/p>\n<p>Meine Vision ist es, Kunst, Unterricht &amp; Gestaltung zu verbinden. Im Unterricht lassen sich die Sch\u00fcler und Sch\u00fclerinnen von Kunst zur Gestaltung inspirieren. Durch die eigene gestalterische T\u00e4tigkeit er\u00f6ffnen sich Fenster f\u00fcr den Unterricht.<\/p>\n<h3><\/h3>\n<h3><\/h3>\n<h3>Lebenslauf<\/h3>\n<p><img loading=\"lazy\" decoding=\"async\" class=\"alignright wp-image-1039 size-medium\" src=\"https:\/\/martinafrey.ch\/wp-content\/uploads\/2018\/10\/Frey-Martina_2-200x300.jpg\" alt=\"\" width=\"200\" height=\"300\" srcset=\"https:\/\/martinafrey.ch\/wp-content\/uploads\/2018\/10\/Frey-Martina_2-200x300.jpg 200w, https:\/\/martinafrey.ch\/wp-content\/uploads\/2018\/10\/Frey-Martina_2-768x1154.jpg 768w, https:\/\/martinafrey.ch\/wp-content\/uploads\/2018\/10\/Frey-Martina_2-682x1024.jpg 682w, https:\/\/martinafrey.ch\/wp-content\/uploads\/2018\/10\/Frey-Martina_2-64x96.jpg 64w\" sizes=\"auto, (max-width: 200px) 100vw, 200px\" \/><\/p>\n<p>Erwachsenenbildnerin SVEB 1<\/p>\n<p>Ausbildung zur dipl. Zeichnungs- und Werklehrerin, Hochschule Luzern Design &amp; Kunst<\/p>\n<p>Studium der Geschichte, Geografie und Soziologie, Universit\u00e4t Bern (Niveau Bachelor)<\/p>\n<p>Kontakt:<\/p>\n<p>martinafrey@gmx.ch<\/p>\n<p>&nbsp;<\/p>\n<pre><\/pre>\n","protected":false},"excerpt":{"rendered":"<p>Beim Gestalten das Gef\u00fchl haben, ganz zu sein im Moment zu leben Zufriedenheit und Ruhe \u00a0 Beim Unterrichten die Momente geniessen, wenn andere eintauchen \u00a0 Aushalten, wenn nichts kommt, nichts entsteht Wissen, dass die fruchtbaren Momente wiederkehren aber nicht Alltag sind, sondern Arbeit dahinter steckt Erfahrungen liegen zugrunde und entwickeln sich weiter \u00a0 Freude teilen [&hellip;]<\/p>\n","protected":false},"author":2,"featured_media":579,"parent":0,"menu_order":0,"comment_status":"closed","ping_status":"closed","template":"","meta":{"footnotes":""},"class_list":["post-564","page","type-page","status-publish","has-post-thumbnail","hentry"],"_links":{"self":[{"href":"https:\/\/martinafrey.ch\/index.php?rest_route=\/wp\/v2\/pages\/564","targetHints":{"allow":["GET"]}}],"collection":[{"href":"https:\/\/martinafrey.ch\/index.php?rest_route=\/wp\/v2\/pages"}],"about":[{"href":"https:\/\/martinafrey.ch\/index.php?rest_route=\/wp\/v2\/types\/page"}],"author":[{"embeddable":true,"href":"https:\/\/martinafrey.ch\/index.php?rest_route=\/wp\/v2\/users\/2"}],"replies":[{"embeddable":true,"href":"https:\/\/martinafrey.ch\/index.php?rest_route=%2Fwp%2Fv2%2Fcomments&post=564"}],"version-history":[{"count":15,"href":"https:\/\/martinafrey.ch\/index.php?rest_route=\/wp\/v2\/pages\/564\/revisions"}],"predecessor-version":[{"id":1049,"href":"https:\/\/martinafrey.ch\/index.php?rest_route=\/wp\/v2\/pages\/564\/revisions\/1049"}],"wp:featuredmedia":[{"embeddable":true,"href":"https:\/\/martinafrey.ch\/index.php?rest_route=\/wp\/v2\/media\/579"}],"wp:attachment":[{"href":"https:\/\/martinafrey.ch\/index.php?rest_route=%2Fwp%2Fv2%2Fmedia&parent=564"}],"curies":[{"name":"wp","href":"https:\/\/api.w.org\/{rel}","templated":true}]}}